{"id":783,"date":"2022-03-10T15:12:48","date_gmt":"2022-03-10T14:12:48","guid":{"rendered":"https:\/\/stierlinpartners.ch\/gallery\/"},"modified":"2022-03-10T15:12:49","modified_gmt":"2022-03-10T14:12:49","slug":"gallery","status":"publish","type":"page","link":"https:\/\/stierlinpartners.ch\/de\/gallery\/","title":{"rendered":"Gallery"},"content":{"rendered":"\t\t<div data-elementor-type=\"wp-post\" data-elementor-id=\"783\" class=\"elementor elementor-783 elementor-276\">\n\t\t\t\t\t\t<section class=\"elementor-section elementor-top-section elementor-element elementor-element-5c00e2c animated-fast elementor-hidden-desktop elementor-hidden-tablet elementor-hidden-phone elementor-section-boxed elementor-section-height-default elementor-section-height-default elementor-invisible\" data-id=\"5c00e2c\" data-element_type=\"section\" data-e-type=\"section\" data-settings=\"{&quot;animation&quot;:&quot;fadeInUp&quot;}\">\n\t\t\t\t\t\t<div class=\"elementor-container elementor-column-gap-default\">\n\t\t\t\t\t<div class=\"elementor-column elementor-col-100 elementor-top-column elementor-element elementor-element-9abad34\" data-id=\"9abad34\" data-element_type=\"column\" data-e-type=\"column\">\n\t\t\t<div class=\"elementor-widget-wrap elementor-element-populated\">\n\t\t\t\t\t\t<div class=\"elementor-element elementor-element-4db07b1 elementor-widget elementor-widget-heading\" data-id=\"4db07b1\" data-element_type=\"widget\" data-e-type=\"widget\" data-widget_type=\"heading.default\">\n\t\t\t\t<div class=\"elementor-widget-container\">\n\t\t\t\t\t<h6 class=\"elementor-heading-title elementor-size-default\">\"Il segreto non \u00e8 correre dietro alle farfalle, ma prendersi cura del giardino, affinch\u00e8 le farfalle vengano da te\"<\/h6>\t\t\t\t<\/div>\n\t\t\t\t<\/div>\n\t\t\t\t<div class=\"elementor-element elementor-element-bef6ead elementor-widget elementor-widget-text-editor\" data-id=\"bef6ead\" data-element_type=\"widget\" data-e-type=\"widget\" data-widget_type=\"text-editor.default\">\n\t\t\t\t<div class=\"elementor-widget-container\">\n\t\t\t\t\t\t\t\t\tM\u00e1rio Quintana\t\t\t\t\t\t\t\t<\/div>\n\t\t\t\t<\/div>\n\t\t\t\t\t<\/div>\n\t\t<\/div>\n\t\t\t\t\t<\/div>\n\t\t<\/section>\n\t\t\t\t<section class=\"elementor-section elementor-top-section elementor-element elementor-element-89c4440 elementor-section-boxed elementor-section-height-default elementor-section-height-default\" data-id=\"89c4440\" data-element_type=\"section\" data-e-type=\"section\">\n\t\t\t\t\t\t<div class=\"elementor-container elementor-column-gap-default\">\n\t\t\t\t\t<div class=\"elementor-column elementor-col-100 elementor-top-column elementor-element elementor-element-3f3b0ff\" data-id=\"3f3b0ff\" data-element_type=\"column\" data-e-type=\"column\">\n\t\t\t<div class=\"elementor-widget-wrap elementor-element-populated\">\n\t\t\t\t\t\t<div class=\"elementor-element elementor-element-6e67cfb gallery-spacing-custom elementor-invisible elementor-widget elementor-widget-image-gallery\" data-id=\"6e67cfb\" data-element_type=\"widget\" data-e-type=\"widget\" data-settings=\"{&quot;_animation&quot;:&quot;fadeInUp&quot;}\" data-widget_type=\"image-gallery.default\">\n\t\t\t\t<div class=\"elementor-widget-container\">\n\t\t\t\t\t\t\t<div class=\"elementor-image-gallery\">\n\t\t\t<div id='gallery-1' class='gallery galleryid-783 gallery-columns-4 gallery-size-medium'><figure class='gallery-item'>\n\t\t\t<div class='gallery-icon landscape'>\n\t\t\t\t<a data-elementor-open-lightbox=\"yes\" data-elementor-lightbox-slideshow=\"6e67cfb\" data-elementor-lightbox-title=\"Schermata 2021-04-26 alle 17.35.21\" data-e-action-hash=\"#elementor-action%3Aaction%3Dlightbox%26settings%3DeyJpZCI6Njk2LCJ1cmwiOiJodHRwczpcL1wvc3RpZXJsaW5wYXJ0bmVycy5jaFwvc2l0b1wvd3AtY29udGVudFwvdXBsb2Fkc1wvU2NoZXJtYXRhLTIwMjEtMDQtMjYtYWxsZS0xNy4zNS4yMS5wbmciLCJzbGlkZXNob3ciOiI2ZTY3Y2ZiIn0%3D\" href='https:\/\/stierlinpartners.ch\/sito\/wp-content\/uploads\/Schermata-2021-04-26-alle-17.35.21.png'><img fetchpriority=\"high\" decoding=\"async\" width=\"300\" height=\"226\" src=\"https:\/\/stierlinpartners.ch\/sito\/wp-content\/uploads\/Schermata-2021-04-26-alle-17.35.21-300x226.png\" class=\"attachment-medium size-medium\" alt=\"\" srcset=\"https:\/\/stierlinpartners.ch\/sito\/wp-content\/uploads\/Schermata-2021-04-26-alle-17.35.21-300x226.png 300w, https:\/\/stierlinpartners.ch\/sito\/wp-content\/uploads\/Schermata-2021-04-26-alle-17.35.21-768x577.png 768w, https:\/\/stierlinpartners.ch\/sito\/wp-content\/uploads\/Schermata-2021-04-26-alle-17.35.21.png 1019w\" sizes=\"(max-width: 300px) 100vw, 300px\" \/><\/a>\n\t\t\t<\/div><\/figure><figure class='gallery-item'>\n\t\t\t<div class='gallery-icon landscape'>\n\t\t\t\t<a data-elementor-open-lightbox=\"yes\" data-elementor-lightbox-slideshow=\"6e67cfb\" data-elementor-lightbox-title=\"Schermata 2021-04-26 alle 17.35.27\" data-e-action-hash=\"#elementor-action%3Aaction%3Dlightbox%26settings%3DeyJpZCI6Njk3LCJ1cmwiOiJodHRwczpcL1wvc3RpZXJsaW5wYXJ0bmVycy5jaFwvc2l0b1wvd3AtY29udGVudFwvdXBsb2Fkc1wvU2NoZXJtYXRhLTIwMjEtMDQtMjYtYWxsZS0xNy4zNS4yNy5wbmciLCJzbGlkZXNob3ciOiI2ZTY3Y2ZiIn0%3D\" href='https:\/\/stierlinpartners.ch\/sito\/wp-content\/uploads\/Schermata-2021-04-26-alle-17.35.27.png'><img decoding=\"async\" width=\"300\" height=\"225\" src=\"https:\/\/stierlinpartners.ch\/sito\/wp-content\/uploads\/Schermata-2021-04-26-alle-17.35.27-300x225.png\" class=\"attachment-medium size-medium\" alt=\"\" srcset=\"https:\/\/stierlinpartners.ch\/sito\/wp-content\/uploads\/Schermata-2021-04-26-alle-17.35.27-300x225.png 300w, https:\/\/stierlinpartners.ch\/sito\/wp-content\/uploads\/Schermata-2021-04-26-alle-17.35.27-768x577.png 768w, https:\/\/stierlinpartners.ch\/sito\/wp-content\/uploads\/Schermata-2021-04-26-alle-17.35.27.png 1019w\" sizes=\"(max-width: 300px) 100vw, 300px\" \/><\/a>\n\t\t\t<\/div><\/figure><figure class='gallery-item'>\n\t\t\t<div class='gallery-icon landscape'>\n\t\t\t\t<a data-elementor-open-lightbox=\"yes\" data-elementor-lightbox-slideshow=\"6e67cfb\" data-elementor-lightbox-title=\"Schermata 2021-04-26 alle 17.35.34\" data-e-action-hash=\"#elementor-action%3Aaction%3Dlightbox%26settings%3DeyJpZCI6Njk4LCJ1cmwiOiJodHRwczpcL1wvc3RpZXJsaW5wYXJ0bmVycy5jaFwvc2l0b1wvd3AtY29udGVudFwvdXBsb2Fkc1wvU2NoZXJtYXRhLTIwMjEtMDQtMjYtYWxsZS0xNy4zNS4zNC5wbmciLCJzbGlkZXNob3ciOiI2ZTY3Y2ZiIn0%3D\" href='https:\/\/stierlinpartners.ch\/sito\/wp-content\/uploads\/Schermata-2021-04-26-alle-17.35.34.png'><img decoding=\"async\" width=\"300\" height=\"225\" src=\"https:\/\/stierlinpartners.ch\/sito\/wp-content\/uploads\/Schermata-2021-04-26-alle-17.35.34-300x225.png\" class=\"attachment-medium size-medium\" alt=\"\" srcset=\"https:\/\/stierlinpartners.ch\/sito\/wp-content\/uploads\/Schermata-2021-04-26-alle-17.35.34-300x225.png 300w, https:\/\/stierlinpartners.ch\/sito\/wp-content\/uploads\/Schermata-2021-04-26-alle-17.35.34-768x575.png 768w, https:\/\/stierlinpartners.ch\/sito\/wp-content\/uploads\/Schermata-2021-04-26-alle-17.35.34.png 1019w\" sizes=\"(max-width: 300px) 100vw, 300px\" \/><\/a>\n\t\t\t<\/div><\/figure><figure class='gallery-item'>\n\t\t\t<div class='gallery-icon landscape'>\n\t\t\t\t<a data-elementor-open-lightbox=\"yes\" data-elementor-lightbox-slideshow=\"6e67cfb\" data-elementor-lightbox-title=\"Schermata 2021-04-26 alle 17.36.01\" data-e-action-hash=\"#elementor-action%3Aaction%3Dlightbox%26settings%3DeyJpZCI6Njk5LCJ1cmwiOiJodHRwczpcL1wvc3RpZXJsaW5wYXJ0bmVycy5jaFwvc2l0b1wvd3AtY29udGVudFwvdXBsb2Fkc1wvU2NoZXJtYXRhLTIwMjEtMDQtMjYtYWxsZS0xNy4zNi4wMS5wbmciLCJzbGlkZXNob3ciOiI2ZTY3Y2ZiIn0%3D\" href='https:\/\/stierlinpartners.ch\/sito\/wp-content\/uploads\/Schermata-2021-04-26-alle-17.36.01.png'><img loading=\"lazy\" decoding=\"async\" width=\"300\" height=\"226\" src=\"https:\/\/stierlinpartners.ch\/sito\/wp-content\/uploads\/Schermata-2021-04-26-alle-17.36.01-300x226.png\" class=\"attachment-medium size-medium\" alt=\"\" srcset=\"https:\/\/stierlinpartners.ch\/sito\/wp-content\/uploads\/Schermata-2021-04-26-alle-17.36.01-300x226.png 300w, https:\/\/stierlinpartners.ch\/sito\/wp-content\/uploads\/Schermata-2021-04-26-alle-17.36.01.png 509w\" sizes=\"(max-width: 300px) 100vw, 300px\" \/><\/a>\n\t\t\t<\/div><\/figure><figure class='gallery-item'>\n\t\t\t<div class='gallery-icon landscape'>\n\t\t\t\t<a data-elementor-open-lightbox=\"yes\" data-elementor-lightbox-slideshow=\"6e67cfb\" data-elementor-lightbox-title=\"Schermata 2021-04-26 alle 17.36.23\" data-e-action-hash=\"#elementor-action%3Aaction%3Dlightbox%26settings%3DeyJpZCI6NzAwLCJ1cmwiOiJodHRwczpcL1wvc3RpZXJsaW5wYXJ0bmVycy5jaFwvc2l0b1wvd3AtY29udGVudFwvdXBsb2Fkc1wvU2NoZXJtYXRhLTIwMjEtMDQtMjYtYWxsZS0xNy4zNi4yMy5wbmciLCJzbGlkZXNob3ciOiI2ZTY3Y2ZiIn0%3D\" href='https:\/\/stierlinpartners.ch\/sito\/wp-content\/uploads\/Schermata-2021-04-26-alle-17.36.23.png'><img loading=\"lazy\" decoding=\"async\" width=\"300\" height=\"225\" src=\"https:\/\/stierlinpartners.ch\/sito\/wp-content\/uploads\/Schermata-2021-04-26-alle-17.36.23-300x225.png\" class=\"attachment-medium size-medium\" alt=\"\" srcset=\"https:\/\/stierlinpartners.ch\/sito\/wp-content\/uploads\/Schermata-2021-04-26-alle-17.36.23-300x225.png 300w, https:\/\/stierlinpartners.ch\/sito\/wp-content\/uploads\/Schermata-2021-04-26-alle-17.36.23-768x577.png 768w, https:\/\/stierlinpartners.ch\/sito\/wp-content\/uploads\/Schermata-2021-04-26-alle-17.36.23.png 1020w\" sizes=\"(max-width: 300px) 100vw, 300px\" \/><\/a>\n\t\t\t<\/div><\/figure><figure class='gallery-item'>\n\t\t\t<div class='gallery-icon landscape'>\n\t\t\t\t<a data-elementor-open-lightbox=\"yes\" data-elementor-lightbox-slideshow=\"6e67cfb\" data-elementor-lightbox-title=\"Schermata 2021-04-26 alle 17.36.30\" data-e-action-hash=\"#elementor-action%3Aaction%3Dlightbox%26settings%3DeyJpZCI6NzAxLCJ1cmwiOiJodHRwczpcL1wvc3RpZXJsaW5wYXJ0bmVycy5jaFwvc2l0b1wvd3AtY29udGVudFwvdXBsb2Fkc1wvU2NoZXJtYXRhLTIwMjEtMDQtMjYtYWxsZS0xNy4zNi4zMC5wbmciLCJzbGlkZXNob3ciOiI2ZTY3Y2ZiIn0%3D\" href='https:\/\/stierlinpartners.ch\/sito\/wp-content\/uploads\/Schermata-2021-04-26-alle-17.36.30.png'><img loading=\"lazy\" decoding=\"async\" width=\"300\" height=\"225\" src=\"https:\/\/stierlinpartners.ch\/sito\/wp-content\/uploads\/Schermata-2021-04-26-alle-17.36.30-300x225.png\" class=\"attachment-medium size-medium\" alt=\"\" srcset=\"https:\/\/stierlinpartners.ch\/sito\/wp-content\/uploads\/Schermata-2021-04-26-alle-17.36.30-300x225.png 300w, https:\/\/stierlinpartners.ch\/sito\/wp-content\/uploads\/Schermata-2021-04-26-alle-17.36.30-768x577.png 768w, https:\/\/stierlinpartners.ch\/sito\/wp-content\/uploads\/Schermata-2021-04-26-alle-17.36.30.png 1018w\" sizes=\"(max-width: 300px) 100vw, 300px\" \/><\/a>\n\t\t\t<\/div><\/figure><figure class='gallery-item'>\n\t\t\t<div class='gallery-icon landscape'>\n\t\t\t\t<a data-elementor-open-lightbox=\"yes\" data-elementor-lightbox-slideshow=\"6e67cfb\" data-elementor-lightbox-title=\"Schermata 2021-04-26 alle 17.36.38\" data-e-action-hash=\"#elementor-action%3Aaction%3Dlightbox%26settings%3DeyJpZCI6NzAyLCJ1cmwiOiJodHRwczpcL1wvc3RpZXJsaW5wYXJ0bmVycy5jaFwvc2l0b1wvd3AtY29udGVudFwvdXBsb2Fkc1wvU2NoZXJtYXRhLTIwMjEtMDQtMjYtYWxsZS0xNy4zNi4zOC5wbmciLCJzbGlkZXNob3ciOiI2ZTY3Y2ZiIn0%3D\" href='https:\/\/stierlinpartners.ch\/sito\/wp-content\/uploads\/Schermata-2021-04-26-alle-17.36.38.png'><img loading=\"lazy\" decoding=\"async\" width=\"300\" height=\"224\" src=\"https:\/\/stierlinpartners.ch\/sito\/wp-content\/uploads\/Schermata-2021-04-26-alle-17.36.38-300x224.png\" class=\"attachment-medium size-medium\" alt=\"\" srcset=\"https:\/\/stierlinpartners.ch\/sito\/wp-content\/uploads\/Schermata-2021-04-26-alle-17.36.38-300x224.png 300w, https:\/\/stierlinpartners.ch\/sito\/wp-content\/uploads\/Schermata-2021-04-26-alle-17.36.38-768x573.png 768w, https:\/\/stierlinpartners.ch\/sito\/wp-content\/uploads\/Schermata-2021-04-26-alle-17.36.38.png 1018w\" sizes=\"(max-width: 300px) 100vw, 300px\" \/><\/a>\n\t\t\t<\/div><\/figure><figure class='gallery-item'>\n\t\t\t<div class='gallery-icon landscape'>\n\t\t\t\t<a data-elementor-open-lightbox=\"yes\" data-elementor-lightbox-slideshow=\"6e67cfb\" data-elementor-lightbox-title=\"Schermata 2021-04-26 alle 17.36.59\" data-e-action-hash=\"#elementor-action%3Aaction%3Dlightbox%26settings%3DeyJpZCI6NzAzLCJ1cmwiOiJodHRwczpcL1wvc3RpZXJsaW5wYXJ0bmVycy5jaFwvc2l0b1wvd3AtY29udGVudFwvdXBsb2Fkc1wvU2NoZXJtYXRhLTIwMjEtMDQtMjYtYWxsZS0xNy4zNi41OS5wbmciLCJzbGlkZXNob3ciOiI2ZTY3Y2ZiIn0%3D\" href='https:\/\/stierlinpartners.ch\/sito\/wp-content\/uploads\/Schermata-2021-04-26-alle-17.36.59.png'><img loading=\"lazy\" decoding=\"async\" width=\"300\" height=\"225\" src=\"https:\/\/stierlinpartners.ch\/sito\/wp-content\/uploads\/Schermata-2021-04-26-alle-17.36.59-300x225.png\" class=\"attachment-medium size-medium\" alt=\"\" srcset=\"https:\/\/stierlinpartners.ch\/sito\/wp-content\/uploads\/Schermata-2021-04-26-alle-17.36.59-300x225.png 300w, https:\/\/stierlinpartners.ch\/sito\/wp-content\/uploads\/Schermata-2021-04-26-alle-17.36.59-768x575.png 768w, https:\/\/stierlinpartners.ch\/sito\/wp-content\/uploads\/Schermata-2021-04-26-alle-17.36.59.png 1017w\" sizes=\"(max-width: 300px) 100vw, 300px\" \/><\/a>\n\t\t\t<\/div><\/figure><figure class='gallery-item'>\n\t\t\t<div class='gallery-icon landscape'>\n\t\t\t\t<a data-elementor-open-lightbox=\"yes\" data-elementor-lightbox-slideshow=\"6e67cfb\" data-elementor-lightbox-title=\"Schermata 2021-04-26 alle 17.37.06\" data-e-action-hash=\"#elementor-action%3Aaction%3Dlightbox%26settings%3DeyJpZCI6NzA0LCJ1cmwiOiJodHRwczpcL1wvc3RpZXJsaW5wYXJ0bmVycy5jaFwvc2l0b1wvd3AtY29udGVudFwvdXBsb2Fkc1wvU2NoZXJtYXRhLTIwMjEtMDQtMjYtYWxsZS0xNy4zNy4wNi5wbmciLCJzbGlkZXNob3ciOiI2ZTY3Y2ZiIn0%3D\" href='https:\/\/stierlinpartners.ch\/sito\/wp-content\/uploads\/Schermata-2021-04-26-alle-17.37.06.png'><img loading=\"lazy\" decoding=\"async\" width=\"300\" height=\"224\" src=\"https:\/\/stierlinpartners.ch\/sito\/wp-content\/uploads\/Schermata-2021-04-26-alle-17.37.06-300x224.png\" class=\"attachment-medium size-medium\" alt=\"\" srcset=\"https:\/\/stierlinpartners.ch\/sito\/wp-content\/uploads\/Schermata-2021-04-26-alle-17.37.06-300x224.png 300w, https:\/\/stierlinpartners.ch\/sito\/wp-content\/uploads\/Schermata-2021-04-26-alle-17.37.06-768x573.png 768w, https:\/\/stierlinpartners.ch\/sito\/wp-content\/uploads\/Schermata-2021-04-26-alle-17.37.06.png 1018w\" sizes=\"(max-width: 300px) 100vw, 300px\" \/><\/a>\n\t\t\t<\/div><\/figure><figure class='gallery-item'>\n\t\t\t<div class='gallery-icon landscape'>\n\t\t\t\t<a data-elementor-open-lightbox=\"yes\" data-elementor-lightbox-slideshow=\"6e67cfb\" data-elementor-lightbox-title=\"Schermata 2021-04-26 alle 17.37.12\" data-e-action-hash=\"#elementor-action%3Aaction%3Dlightbox%26settings%3DeyJpZCI6NzA1LCJ1cmwiOiJodHRwczpcL1wvc3RpZXJsaW5wYXJ0bmVycy5jaFwvc2l0b1wvd3AtY29udGVudFwvdXBsb2Fkc1wvU2NoZXJtYXRhLTIwMjEtMDQtMjYtYWxsZS0xNy4zNy4xMi5wbmciLCJzbGlkZXNob3ciOiI2ZTY3Y2ZiIn0%3D\" href='https:\/\/stierlinpartners.ch\/sito\/wp-content\/uploads\/Schermata-2021-04-26-alle-17.37.12.png'><img loading=\"lazy\" decoding=\"async\" width=\"300\" height=\"224\" src=\"https:\/\/stierlinpartners.ch\/sito\/wp-content\/uploads\/Schermata-2021-04-26-alle-17.37.12-300x224.png\" class=\"attachment-medium size-medium\" alt=\"\" srcset=\"https:\/\/stierlinpartners.ch\/sito\/wp-content\/uploads\/Schermata-2021-04-26-alle-17.37.12-300x224.png 300w, https:\/\/stierlinpartners.ch\/sito\/wp-content\/uploads\/Schermata-2021-04-26-alle-17.37.12-768x572.png 768w, https:\/\/stierlinpartners.ch\/sito\/wp-content\/uploads\/Schermata-2021-04-26-alle-17.37.12.png 1016w\" sizes=\"(max-width: 300px) 100vw, 300px\" \/><\/a>\n\t\t\t<\/div><\/figure><figure class='gallery-item'>\n\t\t\t<div class='gallery-icon landscape'>\n\t\t\t\t<a data-elementor-open-lightbox=\"yes\" data-elementor-lightbox-slideshow=\"6e67cfb\" data-elementor-lightbox-title=\"Schermata 2021-04-26 alle 17.40.14\" data-e-action-hash=\"#elementor-action%3Aaction%3Dlightbox%26settings%3DeyJpZCI6NzA2LCJ1cmwiOiJodHRwczpcL1wvc3RpZXJsaW5wYXJ0bmVycy5jaFwvc2l0b1wvd3AtY29udGVudFwvdXBsb2Fkc1wvU2NoZXJtYXRhLTIwMjEtMDQtMjYtYWxsZS0xNy40MC4xNC5wbmciLCJzbGlkZXNob3ciOiI2ZTY3Y2ZiIn0%3D\" href='https:\/\/stierlinpartners.ch\/sito\/wp-content\/uploads\/Schermata-2021-04-26-alle-17.40.14.png'><img loading=\"lazy\" decoding=\"async\" width=\"300\" height=\"225\" src=\"https:\/\/stierlinpartners.ch\/sito\/wp-content\/uploads\/Schermata-2021-04-26-alle-17.40.14-300x225.png\" class=\"attachment-medium size-medium\" alt=\"\" srcset=\"https:\/\/stierlinpartners.ch\/sito\/wp-content\/uploads\/Schermata-2021-04-26-alle-17.40.14-300x225.png 300w, https:\/\/stierlinpartners.ch\/sito\/wp-content\/uploads\/Schermata-2021-04-26-alle-17.40.14-768x577.png 768w, https:\/\/stierlinpartners.ch\/sito\/wp-content\/uploads\/Schermata-2021-04-26-alle-17.40.14.png 1008w\" sizes=\"(max-width: 300px) 100vw, 300px\" \/><\/a>\n\t\t\t<\/div><\/figure>\n\t\t<\/div>\n\t\t<\/div>\n\t\t\t\t\t\t<\/div>\n\t\t\t\t<\/div>\n\t\t\t\t\t<\/div>\n\t\t<\/div>\n\t\t\t\t\t<\/div>\n\t\t<\/section>\n\t\t\t\t<\/div>\n\t\t","protected":false},"excerpt":{"rendered":"<p>&#8220;Il segreto non \u00e8 correre dietro alle farfalle, ma prendersi cura del giardino, affinch\u00e8 le farfalle vengano da te&#8221; M\u00e1rio Quintana<\/p>\n","protected":false},"author":1,"featured_media":714,"parent":0,"menu_order":3,"comment_status":"closed","ping_status":"closed","template":"elementor_theme","meta":{"footnotes":""},"class_list":["post-783","page","type-page","status-publish","has-post-thumbnail","hentry"],"blocksy_meta":{"styles_descriptor":{"styles":{"desktop":"","tablet":"","mobile":""},"google_fonts":[],"version":6}},"_links":{"self":[{"href":"https:\/\/stierlinpartners.ch\/de\/wp-json\/wp\/v2\/pages\/783","targetHints":{"allow":["GET"]}}],"collection":[{"href":"https:\/\/stierlinpartners.ch\/de\/wp-json\/wp\/v2\/pages"}],"about":[{"href":"https:\/\/stierlinpartners.ch\/de\/wp-json\/wp\/v2\/types\/page"}],"author":[{"embeddable":true,"href":"https:\/\/stierlinpartners.ch\/de\/wp-json\/wp\/v2\/users\/1"}],"replies":[{"embeddable":true,"href":"https:\/\/stierlinpartners.ch\/de\/wp-json\/wp\/v2\/comments?post=783"}],"version-history":[{"count":1,"href":"https:\/\/stierlinpartners.ch\/de\/wp-json\/wp\/v2\/pages\/783\/revisions"}],"predecessor-version":[{"id":784,"href":"https:\/\/stierlinpartners.ch\/de\/wp-json\/wp\/v2\/pages\/783\/revisions\/784"}],"wp:featuredmedia":[{"embeddable":true,"href":"https:\/\/stierlinpartners.ch\/de\/wp-json\/wp\/v2\/media\/714"}],"wp:attachment":[{"href":"https:\/\/stierlinpartners.ch\/de\/wp-json\/wp\/v2\/media?parent=783"}],"curies":[{"name":"wp","href":"https:\/\/api.w.org\/{rel}","templated":true}]}}