{"id":762,"date":"2022-03-10T14:34:33","date_gmt":"2022-03-10T13:34:33","guid":{"rendered":"https:\/\/stierlinpartners.ch\/dienstleistungen\/"},"modified":"2022-05-20T15:19:15","modified_gmt":"2022-05-20T13:19:15","slug":"dienstleistungen","status":"publish","type":"page","link":"https:\/\/stierlinpartners.ch\/de\/dienstleistungen\/","title":{"rendered":"Dienstleistungen"},"content":{"rendered":"\t\t<div data-elementor-type=\"wp-post\" data-elementor-id=\"762\" class=\"elementor elementor-762 elementor-199\">\n\t\t\t\t\t\t<section class=\"elementor-section elementor-top-section elementor-element elementor-element-43197fb elementor-section-boxed elementor-section-height-default elementor-section-height-default\" data-id=\"43197fb\" data-element_type=\"section\" data-e-type=\"section\">\n\t\t\t\t\t\t<div class=\"elementor-container elementor-column-gap-default\">\n\t\t\t\t\t<div class=\"elementor-column elementor-col-100 elementor-top-column elementor-element elementor-element-b566c4f\" data-id=\"b566c4f\" data-element_type=\"column\" data-e-type=\"column\">\n\t\t\t<div class=\"elementor-widget-wrap elementor-element-populated\">\n\t\t\t\t\t\t<div class=\"elementor-element elementor-element-a53bf6a elementor-widget elementor-widget-heading\" data-id=\"a53bf6a\" data-element_type=\"widget\" data-e-type=\"widget\" data-widget_type=\"heading.default\">\n\t\t\t\t<div class=\"elementor-widget-container\">\n\t\t\t\t\t<h3 class=\"elementor-heading-title elementor-size-default\">Unsere Dienstleistungen f\u00fcr einen sch\u00f6nen Garten<\/h3>\t\t\t\t<\/div>\n\t\t\t\t<\/div>\n\t\t\t\t\t<\/div>\n\t\t<\/div>\n\t\t\t\t\t<\/div>\n\t\t<\/section>\n\t\t\t\t<section class=\"elementor-section elementor-top-section elementor-element elementor-element-83084e5 elementor-section-boxed elementor-section-height-default elementor-section-height-default\" data-id=\"83084e5\" data-element_type=\"section\" data-e-type=\"section\">\n\t\t\t\t\t\t<div class=\"elementor-container elementor-column-gap-default\">\n\t\t\t\t\t<div class=\"elementor-column elementor-col-33 elementor-top-column elementor-element elementor-element-f36b1ee\" data-id=\"f36b1ee\" data-element_type=\"column\" data-e-type=\"column\">\n\t\t\t<div class=\"elementor-widget-wrap elementor-element-populated\">\n\t\t\t\t\t\t<div class=\"elementor-element elementor-element-8c711dd animated-fast elementor-position-top elementor-invisible elementor-widget elementor-widget-image-box\" data-id=\"8c711dd\" data-element_type=\"widget\" data-e-type=\"widget\" data-settings=\"{&quot;_animation&quot;:&quot;fadeInUp&quot;,&quot;_animation_delay&quot;:0}\" data-widget_type=\"image-box.default\">\n\t\t\t\t<div class=\"elementor-widget-container\">\n\t\t\t\t\t<div class=\"elementor-image-box-wrapper\"><figure class=\"elementor-image-box-img\"><a href=\"https:\/\/stierlinpartners.ch\/de\/dienstleistungen\/planung\/\" tabindex=\"-1\"><img fetchpriority=\"high\" decoding=\"async\" width=\"600\" height=\"450\" src=\"https:\/\/stierlinpartners.ch\/sito\/wp-content\/uploads\/progettazione_front.jpg\" class=\"elementor-animation-shrink attachment-medium size-medium wp-image-434\" alt=\"progettazione giardini su misura\" \/><\/a><\/figure><div class=\"elementor-image-box-content\"><h4 class=\"elementor-image-box-title\"><a href=\"https:\/\/stierlinpartners.ch\/de\/dienstleistungen\/planung\/\">Planung<\/a><\/h4><p class=\"elementor-image-box-description\">WIR PLANEN G\u00c4RTEN NACH MASS<\/p><\/div><\/div>\t\t\t\t<\/div>\n\t\t\t\t<\/div>\n\t\t\t\t\t<\/div>\n\t\t<\/div>\n\t\t\t\t<div class=\"elementor-column elementor-col-33 elementor-top-column elementor-element elementor-element-f5f2e70\" data-id=\"f5f2e70\" data-element_type=\"column\" data-e-type=\"column\">\n\t\t\t<div class=\"elementor-widget-wrap elementor-element-populated\">\n\t\t\t\t\t\t<div class=\"elementor-element elementor-element-08f470f animated-fast elementor-position-top elementor-invisible elementor-widget elementor-widget-image-box\" data-id=\"08f470f\" data-element_type=\"widget\" data-e-type=\"widget\" data-settings=\"{&quot;_animation&quot;:&quot;fadeInUp&quot;,&quot;_animation_delay&quot;:200}\" data-widget_type=\"image-box.default\">\n\t\t\t\t<div class=\"elementor-widget-container\">\n\t\t\t\t\t<div class=\"elementor-image-box-wrapper\"><figure class=\"elementor-image-box-img\"><a href=\"https:\/\/stierlinpartners.ch\/de\/dienstleistungen\/konstruktion\/\" tabindex=\"-1\"><img decoding=\"async\" width=\"600\" height=\"450\" src=\"https:\/\/stierlinpartners.ch\/sito\/wp-content\/uploads\/creazione_front.jpg\" class=\"elementor-animation-shrink attachment-medium size-medium wp-image-431\" alt=\"Creazione giardini\" \/><\/a><\/figure><div class=\"elementor-image-box-content\"><h4 class=\"elementor-image-box-title\"><a href=\"https:\/\/stierlinpartners.ch\/de\/dienstleistungen\/konstruktion\/\">Konstruktion<\/a><\/h4><p class=\"elementor-image-box-description\">EIN GARTEN IMPROVISIERT MAN NICHT<\/p><\/div><\/div>\t\t\t\t<\/div>\n\t\t\t\t<\/div>\n\t\t\t\t\t<\/div>\n\t\t<\/div>\n\t\t\t\t<div class=\"elementor-column elementor-col-33 elementor-top-column elementor-element elementor-element-23afea4\" data-id=\"23afea4\" data-element_type=\"column\" data-e-type=\"column\">\n\t\t\t<div class=\"elementor-widget-wrap elementor-element-populated\">\n\t\t\t\t\t\t<div class=\"elementor-element elementor-element-164cdd8 animated-fast elementor-position-top elementor-invisible elementor-widget elementor-widget-image-box\" data-id=\"164cdd8\" data-element_type=\"widget\" data-e-type=\"widget\" data-settings=\"{&quot;_animation&quot;:&quot;fadeInUp&quot;,&quot;_animation_delay&quot;:400}\" data-widget_type=\"image-box.default\">\n\t\t\t\t<div class=\"elementor-widget-container\">\n\t\t\t\t\t<div class=\"elementor-image-box-wrapper\"><figure class=\"elementor-image-box-img\"><a href=\"https:\/\/stierlinpartners.ch\/de\/dienstleistungen\/unterhalt\/\" tabindex=\"-1\"><img decoding=\"async\" width=\"600\" height=\"450\" src=\"https:\/\/stierlinpartners.ch\/sito\/wp-content\/uploads\/manutenzione_front.jpg\" class=\"elementor-animation-shrink attachment-medium size-medium wp-image-433\" alt=\"Manutenzione del verde\" \/><\/a><\/figure><div class=\"elementor-image-box-content\"><h4 class=\"elementor-image-box-title\"><a href=\"https:\/\/stierlinpartners.ch\/de\/dienstleistungen\/unterhalt\/\">Unterhalt<\/a><\/h4><p class=\"elementor-image-box-description\">EIN GARTEN IMMER GEPFLEGT<\/p><\/div><\/div>\t\t\t\t<\/div>\n\t\t\t\t<\/div>\n\t\t\t\t\t<\/div>\n\t\t<\/div>\n\t\t\t\t\t<\/div>\n\t\t<\/section>\n\t\t\t\t<section class=\"elementor-section elementor-top-section elementor-element elementor-element-ffc71d5 ct-section-stretched elementor-section-boxed elementor-section-height-default elementor-section-height-default\" data-id=\"ffc71d5\" data-element_type=\"section\" data-e-type=\"section\" data-settings=\"{&quot;background_background&quot;:&quot;classic&quot;}\">\n\t\t\t\t\t\t<div class=\"elementor-container elementor-column-gap-default\">\n\t\t\t\t\t<div class=\"elementor-column elementor-col-100 elementor-top-column elementor-element elementor-element-fb9c846\" data-id=\"fb9c846\" data-element_type=\"column\" data-e-type=\"column\">\n\t\t\t<div class=\"elementor-widget-wrap elementor-element-populated\">\n\t\t\t\t\t\t<div class=\"elementor-element elementor-element-bac93e0 elementor-widget elementor-widget-heading\" data-id=\"bac93e0\" data-element_type=\"widget\" data-e-type=\"widget\" data-widget_type=\"heading.default\">\n\t\t\t\t<div class=\"elementor-widget-container\">\n\t\t\t\t\t<h3 class=\"elementor-heading-title elementor-size-default\">Kontaktieren Sie uns jetzt f\u00fcr eine Beratung oder ein Angebot<\/h3>\t\t\t\t<\/div>\n\t\t\t\t<\/div>\n\t\t\t\t<div class=\"elementor-element elementor-element-5bfe98b elementor-widget elementor-widget-shortcode\" data-id=\"5bfe98b\" data-element_type=\"widget\" data-e-type=\"widget\" data-widget_type=\"shortcode.default\">\n\t\t\t\t<div class=\"elementor-widget-container\">\n\t\t\t\t\t\t\t<div class=\"elementor-shortcode\">\n<div class=\"wpcf7 no-js\" id=\"wpcf7-f807-o1\" lang=\"de-DE\" dir=\"ltr\" data-wpcf7-id=\"807\">\n<div class=\"screen-reader-response\"><p role=\"status\" aria-live=\"polite\" aria-atomic=\"true\"><\/p> <ul><\/ul><\/div>\n<form action=\"\/de\/wp-json\/wp\/v2\/pages\/762#wpcf7-f807-o1\" method=\"post\" class=\"wpcf7-form init\" aria-label=\"Contact form\" novalidate=\"novalidate\" data-status=\"init\">\n<fieldset class=\"hidden-fields-container\"><input type=\"hidden\" name=\"_wpcf7\" value=\"807\" \/><input type=\"hidden\" name=\"_wpcf7_version\" value=\"6.1.5\" \/><input type=\"hidden\" name=\"_wpcf7_locale\" value=\"de_DE\" \/><input type=\"hidden\" name=\"_wpcf7_unit_tag\" value=\"wpcf7-f807-o1\" \/><input type=\"hidden\" name=\"_wpcf7_container_post\" value=\"0\" \/><input type=\"hidden\" name=\"_wpcf7_posted_data_hash\" value=\"\" \/><input type=\"hidden\" name=\"_wpcf7_recaptcha_response\" value=\"\" \/>\n<\/fieldset>\n<div class=\"elementor-container elementor-column-gap-default\">\n\t<div class=\"elementor-column elementor-col-50 elementor-top-column\">\n\t\t<p><label class=\"formpad\"> Vorname <span class=\"wpcf7-form-control-wrap\" data-name=\"nome\"><input size=\"40\" maxlength=\"400\" class=\"wpcf7-form-control wpcf7-text wpcf7-validates-as-required\" aria-required=\"true\" aria-invalid=\"false\" placeholder=\"Vorname\" value=\"\" type=\"text\" name=\"nome\" \/><\/span> <\/label>\n\t\t<\/p>\n\t<\/div>\n\t<div class=\"elementor-column elementor-col-50 elementor-top-column\">\n\t\t<p><label class=\"formpad\"> Nachname <span class=\"wpcf7-form-control-wrap\" data-name=\"cognome\"><input size=\"40\" maxlength=\"400\" class=\"wpcf7-form-control wpcf7-text wpcf7-validates-as-required\" aria-required=\"true\" aria-invalid=\"false\" placeholder=\"Nachname\" value=\"\" type=\"text\" name=\"cognome\" \/><\/span> <\/label>\n\t\t<\/p>\n\t<\/div>\n<\/div>\n<div class=\"elementor-container elementor-column-gap-default\">\n\t<div class=\"elementor-column elementor-col-50 elementor-top-column\">\n\t\t<p><label class=\"formpad\"> Telefon <span class=\"wpcf7-form-control-wrap\" data-name=\"telefono\"><input size=\"40\" maxlength=\"400\" class=\"wpcf7-form-control wpcf7-tel wpcf7-validates-as-required wpcf7-text wpcf7-validates-as-tel\" aria-required=\"true\" aria-invalid=\"false\" placeholder=\"+41...\" value=\"\" type=\"tel\" name=\"telefono\" \/><\/span> <\/label>\n\t\t<\/p>\n\t<\/div>\n\t<div class=\"elementor-column elementor-col-50 elementor-top-column\">\n\t\t<p><label class=\"formpad\"> E-Mail <span class=\"wpcf7-form-control-wrap\" data-name=\"email\"><input size=\"40\" maxlength=\"400\" class=\"wpcf7-form-control wpcf7-email wpcf7-validates-as-required wpcf7-text wpcf7-validates-as-email\" aria-required=\"true\" aria-invalid=\"false\" placeholder=\"E-Mail\" value=\"\" type=\"email\" name=\"email\" \/><\/span> <\/label>\n\t\t<\/p>\n\t<\/div>\n<\/div>\n<div class=\"elementor-col-100\">\n\t<p><label class=\"formpad\"> Betreff <span class=\"wpcf7-form-control-wrap\" data-name=\"argomento\"><select class=\"wpcf7-form-control wpcf7-select\" aria-invalid=\"false\" name=\"argomento\"><option value=\"Allgemeine Information\">Allgemeine Information<\/option><option value=\"Planung\">Planung<\/option><option value=\"Konstruktion\">Konstruktion<\/option><option value=\"Unterhalt\">Unterhalt<\/option><\/select><\/span> <\/label>\n\t<\/p>\n<\/div>\n<div class=\"elementor-col-100\">\n\t<p><label class=\"formpad\"> Message <span class=\"wpcf7-form-control-wrap\" data-name=\"messaggio\"><textarea cols=\"40\" rows=\"10\" maxlength=\"2000\" class=\"wpcf7-form-control wpcf7-textarea wpcf7-validates-as-required\" aria-required=\"true\" aria-invalid=\"false\" placeholder=\"Message\" name=\"messaggio\"><\/textarea><\/span> <\/label>\n\t<\/p>\n<\/div>\n<div class=\"elementor-col-100 formpad\">\n\t<p><input class=\"wpcf7-form-control wpcf7-submit has-spinner\" type=\"submit\" value=\"Sende Anfrage\" \/>\n\t<\/p>\n<\/div><div class=\"wpcf7-response-output\" aria-hidden=\"true\"><\/div>\n<\/form>\n<\/div>\n<\/div>\n\t\t\t\t\t\t<\/div>\n\t\t\t\t<\/div>\n\t\t\t\t\t<\/div>\n\t\t<\/div>\n\t\t\t\t\t<\/div>\n\t\t<\/section>\n\t\t\t\t<\/div>\n\t\t","protected":false},"excerpt":{"rendered":"<p>Unsere Dienstleistungen f\u00fcr einen sch\u00f6nen Garten Planung WIR PLANEN G\u00c4RTEN NACH MASS Konstruktion EIN GARTEN IMPROVISIERT MAN NICHT Unterhalt EIN GARTEN IMMER GEPFLEGT Kontaktieren Sie uns jetzt f\u00fcr eine Beratung oder ein Angebot<\/p>\n","protected":false},"author":1,"featured_media":717,"parent":0,"menu_order":2,"comment_status":"closed","ping_status":"closed","template":"elementor_theme","meta":{"footnotes":""},"class_list":["post-762","page","type-page","status-publish","has-post-thumbnail","hentry"],"blocksy_meta":{"styles_descriptor":{"styles":{"desktop":"","tablet":"","mobile":""},"google_fonts":[],"version":6}},"_links":{"self":[{"href":"https:\/\/stierlinpartners.ch\/de\/wp-json\/wp\/v2\/pages\/762","targetHints":{"allow":["GET"]}}],"collection":[{"href":"https:\/\/stierlinpartners.ch\/de\/wp-json\/wp\/v2\/pages"}],"about":[{"href":"https:\/\/stierlinpartners.ch\/de\/wp-json\/wp\/v2\/types\/page"}],"author":[{"embeddable":true,"href":"https:\/\/stierlinpartners.ch\/de\/wp-json\/wp\/v2\/users\/1"}],"replies":[{"embeddable":true,"href":"https:\/\/stierlinpartners.ch\/de\/wp-json\/wp\/v2\/comments?post=762"}],"version-history":[{"count":9,"href":"https:\/\/stierlinpartners.ch\/de\/wp-json\/wp\/v2\/pages\/762\/revisions"}],"predecessor-version":[{"id":854,"href":"https:\/\/stierlinpartners.ch\/de\/wp-json\/wp\/v2\/pages\/762\/revisions\/854"}],"wp:featuredmedia":[{"embeddable":true,"href":"https:\/\/stierlinpartners.ch\/de\/wp-json\/wp\/v2\/media\/717"}],"wp:attachment":[{"href":"https:\/\/stierlinpartners.ch\/de\/wp-json\/wp\/v2\/media?parent=762"}],"curies":[{"name":"wp","href":"https:\/\/api.w.org\/{rel}","templated":true}]}}